{"id":1714,"date":"2020-07-08T10:40:15","date_gmt":"2020-07-08T14:40:15","guid":{"rendered":"https:\/\/ouvidoria.tce.am.gov.br\/?page_id=1714"},"modified":"2025-03-12T11:13:01","modified_gmt":"2025-03-12T15:13:01","slug":"rodas-de-cidadania","status":"publish","type":"page","link":"https:\/\/ouvidoria.tce.am.gov.br\/?page_id=1714","title":{"rendered":"Rodas de Cidadania"},"content":{"rendered":"\t\t<div data-elementor-type=\"wp-page\" data-elementor-id=\"1714\" class=\"elementor elementor-1714\" data-elementor-settings=\"{&quot;ha_cmc_init_switcher&quot;:&quot;no&quot;}\" data-elementor-post-type=\"page\">\n\t\t\t\t\t\t<section class=\"elementor-section elementor-top-section elementor-element elementor-element-b7a9d73 elementor-section-boxed elementor-section-height-default elementor-section-height-default\" data-id=\"b7a9d73\" data-element_type=\"section\" data-e-type=\"section\" data-settings=\"{&quot;background_background&quot;:&quot;classic&quot;,&quot;_ha_eqh_enable&quot;:false}\">\n\t\t\t\t\t\t<div class=\"elementor-container elementor-column-gap-default\">\n\t\t\t\t\t<div class=\"elementor-column elementor-col-100 elementor-top-column elementor-element elementor-element-fedd759\" data-id=\"fedd759\" data-element_type=\"column\" data-e-type=\"column\">\n\t\t\t<div class=\"elementor-widget-wrap elementor-element-populated\">\n\t\t\t\t\t\t<div class=\"elementor-element elementor-element-42c6761 elementor-widget elementor-widget-heading\" data-id=\"42c6761\" data-element_type=\"widget\" data-e-type=\"widget\" data-widget_type=\"heading.default\">\n\t\t\t\t<div class=\"elementor-widget-container\">\n\t\t\t\t\t<h2 class=\"elementor-heading-title elementor-size-default\">Rodas de Cidadania<\/h2>\t\t\t\t<\/div>\n\t\t\t\t<\/div>\n\t\t\t\t\t<\/div>\n\t\t<\/div>\n\t\t\t\t\t<\/div>\n\t\t<\/section>\n\t\t\t\t<section class=\"elementor-section elementor-top-section elementor-element elementor-element-e4c183d elementor-section-boxed elementor-section-height-default elementor-section-height-default\" data-id=\"e4c183d\" data-element_type=\"section\" data-e-type=\"section\" data-settings=\"{&quot;_ha_eqh_enable&quot;:false}\">\n\t\t\t\t\t\t<div class=\"elementor-container elementor-column-gap-default\">\n\t\t\t\t\t<div class=\"elementor-column elementor-col-100 elementor-top-column elementor-element elementor-element-3e6aa8b\" data-id=\"3e6aa8b\" data-element_type=\"column\" data-e-type=\"column\">\n\t\t\t<div class=\"elementor-widget-wrap elementor-element-populated\">\n\t\t\t\t\t\t<section class=\"elementor-section elementor-inner-section elementor-element elementor-element-ab77782 elementor-section-boxed elementor-section-height-default elementor-section-height-default\" data-id=\"ab77782\" data-element_type=\"section\" data-e-type=\"section\" data-settings=\"{&quot;_ha_eqh_enable&quot;:false}\">\n\t\t\t\t\t\t<div class=\"elementor-container elementor-column-gap-default\">\n\t\t\t\t\t<div class=\"elementor-column elementor-col-50 elementor-inner-column elementor-element elementor-element-6c77a78\" data-id=\"6c77a78\" data-element_type=\"column\" data-e-type=\"column\">\n\t\t\t<div class=\"elementor-widget-wrap elementor-element-populated\">\n\t\t\t\t\t\t<div class=\"elementor-element elementor-element-a04252b elementor-widget elementor-widget-image\" data-id=\"a04252b\" data-element_type=\"widget\" data-e-type=\"widget\" data-widget_type=\"image.default\">\n\t\t\t\t<div class=\"elementor-widget-container\">\n\t\t\t\t\t\t\t\t\t\t\t\t\t\t\t<img fetchpriority=\"high\" decoding=\"async\" width=\"1024\" height=\"1024\" src=\"https:\/\/ouvidoria.tce.am.gov.br\/wp-content\/uploads\/2023\/01\/ouvidoria-04-1024x1024.png\" class=\"attachment-large size-large wp-image-3556\" alt=\"\" srcset=\"https:\/\/ouvidoria.tce.am.gov.br\/wp-content\/uploads\/2023\/01\/ouvidoria-04-1024x1024.png 1024w, https:\/\/ouvidoria.tce.am.gov.br\/wp-content\/uploads\/2023\/01\/ouvidoria-04-300x300.png 300w, https:\/\/ouvidoria.tce.am.gov.br\/wp-content\/uploads\/2023\/01\/ouvidoria-04-150x150.png 150w, https:\/\/ouvidoria.tce.am.gov.br\/wp-content\/uploads\/2023\/01\/ouvidoria-04-768x768.png 768w, https:\/\/ouvidoria.tce.am.gov.br\/wp-content\/uploads\/2023\/01\/ouvidoria-04.png 1080w\" sizes=\"(max-width: 1024px) 100vw, 1024px\" \/>\t\t\t\t\t\t\t\t\t\t\t\t\t\t\t<\/div>\n\t\t\t\t<\/div>\n\t\t\t\t\t<\/div>\n\t\t<\/div>\n\t\t\t\t<div class=\"elementor-column elementor-col-50 elementor-inner-column elementor-element elementor-element-03f8939\" data-id=\"03f8939\" data-element_type=\"column\" data-e-type=\"column\">\n\t\t\t<div class=\"elementor-widget-wrap elementor-element-populated\">\n\t\t\t\t\t\t<div class=\"elementor-element elementor-element-d95f62a elementor-widget elementor-widget-text-editor\" data-id=\"d95f62a\" data-element_type=\"widget\" data-e-type=\"widget\" data-widget_type=\"text-editor.default\">\n\t\t\t\t<div class=\"elementor-widget-container\">\n\t\t\t\t\t\t\t\t\t<p class=\"MsoBodyText\" style=\"mso-margin-top-alt: auto; margin-right: 5.4pt; mso-margin-bottom-alt: auto; text-align: justify; line-height: 150%;\"><span lang=\"PT\">O \u201cRodas de Cidadania\u201d \u00e9 um programa em que s\u00e3o realizadas audi\u00eancias p\u00fablicas para divulgar o trabalho da Ouvidoria do Tribunal de Contas do Estado do Amazonas (TCE-AM) e ouvir as demandas da popula\u00e7\u00e3o.<\/span><\/p><p class=\"MsoBodyText\" style=\"mso-margin-top-alt: auto; margin-right: 5.35pt; mso-margin-bottom-alt: auto; text-align: justify; line-height: 150%;\"><span lang=\"PT\">O objetivo da audi\u00eancia p\u00fablica \u00e9 explicar, aos presentes, as atribui\u00e7\u00f5es do TCE-AM, ouvir a popula\u00e7\u00e3o e o Poder P\u00fablico locais sobre as demandas existentes e informar sobre os canais de comunica\u00e7\u00e3o da Ouvidoria dessa Corte de Contas.<\/span><\/p><p class=\"MsoBodyText\" style=\"mso-margin-top-alt: auto; margin-right: 5.2pt; mso-margin-bottom-alt: auto; text-align: justify; line-height: 150%;\"><span lang=\"PT\">Idealizado pelo conselheiro-ouvidor do TCE-AM, \u00c9rico Xavier Desterro e Silva, o Rodas de Cidadania foi originado do Programa de Forma\u00e7\u00e3o de Agentes de Controle Social (Profac), tamb\u00e9m criado pelo conselheiro \u00c9rico em 2018. A partir de alguns relatos de representantes que participaram do Profac, o Tribunal optou por realizar, em 2019, o Rodas de Cidadania nos munic\u00edpios amazonenses.<\/span><\/p>\t\t\t\t\t\t\t\t<\/div>\n\t\t\t\t<\/div>\n\t\t\t\t\t<\/div>\n\t\t<\/div>\n\t\t\t\t\t<\/div>\n\t\t<\/section>\n\t\t\t\t<div class=\"elementor-element elementor-element-739d585 elementor-widget-divider--view-line elementor-widget elementor-widget-divider\" data-id=\"739d585\" data-element_type=\"widget\" data-e-type=\"widget\" data-widget_type=\"divider.default\">\n\t\t\t\t<div class=\"elementor-widget-container\">\n\t\t\t\t\t\t\t<div class=\"elementor-divider\">\n\t\t\t<span class=\"elementor-divider-separator\">\n\t\t\t\t\t\t<\/span>\n\t\t<\/div>\n\t\t\t\t\t\t<\/div>\n\t\t\t\t<\/div>\n\t\t\t\t\t<\/div>\n\t\t<\/div>\n\t\t\t\t\t<\/div>\n\t\t<\/section>\n\t\t\t\t<\/div>\n\t\t","protected":false},"excerpt":{"rendered":"<p>O \u201cRodas de Cidadania\u201d \u00e9 um programa em que s\u00e3o realizadas audi\u00eancias p\u00fablicas para divulgar o trabalho da Ouvidoria do Tribunal de Contas do Estado do Amazonas (TCE-AM) e ouvir as demandas da popula\u00e7\u00e3o. O objetivo da audi\u00eancia p\u00fablica \u00e9 explicar, aos presentes, as atribui\u00e7\u00f5es do TCE-AM, ouvir a popula\u00e7\u00e3o e o Poder P\u00fablico locais [&hellip;]<\/p>\n","protected":false},"author":5,"featured_media":0,"parent":0,"menu_order":0,"comment_status":"closed","ping_status":"closed","template":"","meta":{"_monsterinsights_skip_tracking":false,"_monsterinsights_sitenote_active":false,"_monsterinsights_sitenote_note":"","_monsterinsights_sitenote_category":0,"site-sidebar-layout":"no-sidebar","site-content-layout":"page-builder","ast-site-content-layout":"","site-content-style":"default","site-sidebar-style":"default","ast-global-header-display":"","ast-banner-title-visibility":"","ast-main-header-display":"","ast-hfb-above-header-display":"","ast-hfb-below-header-display":"","ast-hfb-mobile-header-display":"","site-post-title":"disabled","ast-breadcrumbs-content":"","ast-featured-img":"disabled","footer-sml-layout":"disabled","theme-transparent-header-meta":"default","adv-header-id-meta":"","stick-header-meta":"","header-above-stick-meta":"","header-main-stick-meta":"","header-below-stick-meta":"","astra-migrate-meta-layouts":"default","ast-page-background-enabled":"default","ast-page-background-meta":{"desktop":{"background-color":"","background-image":"","background-repeat":"repeat","background-position":"center center","background-size":"auto","background-attachment":"scroll","background-type":"","background-media":"","overlay-type":"","overlay-color":"","overlay-opacity":"","overlay-gradient":""},"tablet":{"background-color":"","background-image":"","background-repeat":"repeat","background-position":"center center","background-size":"auto","background-attachment":"scroll","background-type":"","background-media":"","overlay-type":"","overlay-color":"","overlay-opacity":"","overlay-gradient":""},"mobile":{"background-color":"","background-image":"","background-repeat":"repeat","background-position":"center center","background-size":"auto","background-attachment":"scroll","background-type":"","background-media":"","overlay-type":"","overlay-color":"","overlay-opacity":"","overlay-gradient":""}},"ast-content-background-meta":{"desktop":{"background-color":"var(--ast-global-color-5)","background-image":"","background-repeat":"repeat","background-position":"center center","background-size":"auto","background-attachment":"scroll","background-type":"","background-media":"","overlay-type":"","overlay-color":"","overlay-opacity":"","overlay-gradient":""},"tablet":{"background-color":"var(--ast-global-color-5)","background-image":"","background-repeat":"repeat","background-position":"center center","background-size":"auto","background-attachment":"scroll","background-type":"","background-media":"","overlay-type":"","overlay-color":"","overlay-opacity":"","overlay-gradient":""},"mobile":{"background-color":"var(--ast-global-color-5)","background-image":"","background-repeat":"repeat","background-position":"center center","background-size":"auto","background-attachment":"scroll","background-type":"","background-media":"","overlay-type":"","overlay-color":"","overlay-opacity":"","overlay-gradient":""}},"footnotes":""},"class_list":["post-1714","page","type-page","status-publish","hentry"],"_links":{"self":[{"href":"https:\/\/ouvidoria.tce.am.gov.br\/index.php?rest_route=\/wp\/v2\/pages\/1714","targetHints":{"allow":["GET"]}}],"collection":[{"href":"https:\/\/ouvidoria.tce.am.gov.br\/index.php?rest_route=\/wp\/v2\/pages"}],"about":[{"href":"https:\/\/ouvidoria.tce.am.gov.br\/index.php?rest_route=\/wp\/v2\/types\/page"}],"author":[{"embeddable":true,"href":"https:\/\/ouvidoria.tce.am.gov.br\/index.php?rest_route=\/wp\/v2\/users\/5"}],"replies":[{"embeddable":true,"href":"https:\/\/ouvidoria.tce.am.gov.br\/index.php?rest_route=%2Fwp%2Fv2%2Fcomments&post=1714"}],"version-history":[{"count":14,"href":"https:\/\/ouvidoria.tce.am.gov.br\/index.php?rest_route=\/wp\/v2\/pages\/1714\/revisions"}],"predecessor-version":[{"id":884810,"href":"https:\/\/ouvidoria.tce.am.gov.br\/index.php?rest_route=\/wp\/v2\/pages\/1714\/revisions\/884810"}],"wp:attachment":[{"href":"https:\/\/ouvidoria.tce.am.gov.br\/index.php?rest_route=%2Fwp%2Fv2%2Fmedia&parent=1714"}],"curies":[{"name":"wp","href":"https:\/\/api.w.org\/{rel}","templated":true}]}}