{"id":2074,"date":"2020-12-28T09:16:11","date_gmt":"2020-12-28T13:16:11","guid":{"rendered":"https:\/\/ouvidoria.tce.am.gov.br\/?page_id=2074"},"modified":"2020-12-28T09:22:06","modified_gmt":"2020-12-28T13:22:06","slug":"politica-de-privacidade","status":"publish","type":"page","link":"https:\/\/ouvidoria.tce.am.gov.br\/?page_id=2074","title":{"rendered":"Pol\u00edtica de privacidade"},"content":{"rendered":"\t\t<div data-elementor-type=\"wp-page\" data-elementor-id=\"2074\" class=\"elementor elementor-2074\" data-elementor-settings=\"{&quot;ha_cmc_init_switcher&quot;:&quot;no&quot;}\" data-elementor-post-type=\"page\">\n\t\t\t\t\t\t<section class=\"elementor-section elementor-top-section elementor-element elementor-element-bdbbf3e elementor-section-boxed elementor-section-height-default elementor-section-height-default\" data-id=\"bdbbf3e\" data-element_type=\"section\" data-e-type=\"section\" data-settings=\"{&quot;background_background&quot;:&quot;classic&quot;,&quot;_ha_eqh_enable&quot;:false}\">\n\t\t\t\t\t\t<div class=\"elementor-container elementor-column-gap-default\">\n\t\t\t\t\t<div class=\"elementor-column elementor-col-100 elementor-top-column elementor-element elementor-element-31ebbbb\" data-id=\"31ebbbb\" data-element_type=\"column\" data-e-type=\"column\">\n\t\t\t<div class=\"elementor-widget-wrap elementor-element-populated\">\n\t\t\t\t\t\t<div class=\"elementor-element elementor-element-bc8aba6 elementor-widget elementor-widget-heading\" data-id=\"bc8aba6\" data-element_type=\"widget\" data-e-type=\"widget\" data-widget_type=\"heading.default\">\n\t\t\t\t<div class=\"elementor-widget-container\">\n\t\t\t\t\t<h2 class=\"elementor-heading-title elementor-size-default\">Pol\u00edtica de privacidade<\/h2>\t\t\t\t<\/div>\n\t\t\t\t<\/div>\n\t\t\t\t\t<\/div>\n\t\t<\/div>\n\t\t\t\t\t<\/div>\n\t\t<\/section>\n\t\t\t\t<section class=\"elementor-section elementor-top-section elementor-element elementor-element-2b8b1590 elementor-section-boxed elementor-section-height-default elementor-section-height-default\" data-id=\"2b8b1590\" data-element_type=\"section\" data-e-type=\"section\" data-settings=\"{&quot;_ha_eqh_enable&quot;:false}\">\n\t\t\t\t\t\t<div class=\"elementor-container elementor-column-gap-default\">\n\t\t\t\t\t<div class=\"elementor-column elementor-col-100 elementor-top-column elementor-element elementor-element-2117c985\" data-id=\"2117c985\" data-element_type=\"column\" data-e-type=\"column\">\n\t\t\t<div class=\"elementor-widget-wrap elementor-element-populated\">\n\t\t\t\t\t\t<div class=\"elementor-element elementor-element-16c2883c elementor-widget elementor-widget-text-editor\" data-id=\"16c2883c\" data-element_type=\"widget\" data-e-type=\"widget\" data-widget_type=\"text-editor.default\">\n\t\t\t\t<div class=\"elementor-widget-container\">\n\t\t\t\t\t\t\t\t\t<p style=\"text-align: justify;\">A Ouvidoria do Tribunal de Contas do Estado do Amazonas, comprometida com a transpar\u00eancia, com a \u00e9tica e com todas as premissas discorridas na Lei Geral de Prote\u00e7\u00e3o de Dados \u2013 LGPD, tamb\u00e9m se obriga a resguardar e proteger os dados dos cidad\u00e3os que a procuram, objetivando qualquer contrapartida jurisdicional.<\/p>\n\n<p style=\"text-align: justify;\">A Ouvidoria reconhece a import\u00e2ncia da privacidade <i>(direito \u00e0 reserva de informa\u00e7\u00f5es pessoais e da pr\u00f3pria vida pessoal)<\/i> prevista no artigo. 5\u00ba, inciso X, da Constitui\u00e7\u00e3o da Rep\u00fablica Federativa do Brasil, e por este motivo, com a referida Pol\u00edtica de Privacidade, queremos informar como as suas informa\u00e7\u00f5es e os seus dados pessoais s\u00e3o coletados, usados, compartilhados e armazenados a partir do s\u00edtio eletr\u00f4nico <a href=\"https:\/\/ouvidoria.tce.am.gov.br\"><i>https:\/\/ouvidoria.tce.am.gov.br<\/i><\/a> <\/p>\n<p style=\"text-align: justify;\">A coleta de dados e informa\u00e7\u00f5es \u00e9 feita com o intuito de melhorar os servi\u00e7os prestados pela Ouvidoria do TCE\/AM ao cidad\u00e3o.<\/p>\n\n<p style=\"text-align: justify;\">Quando \u00e9 registrada uma manifesta\u00e7\u00e3o, a sua identifica\u00e7\u00e3o \u00e9 reservada tal como consta em nossa Carta de Servi\u00e7os <a href=\"https:\/\/www.flipsnack.com\/ouvidoriatceam\/carta-de-servicos-ao-usuario.html\"><i>https:\/\/www.flipsnack.com\/ouvidoriatceam\/carta-de-servicos-ao-usuario.html<\/i><\/a>. Caso a manifesta\u00e7\u00e3o deva prosperar, \u2013 fundida \u00e0s an\u00e1lises\/verifica\u00e7\u00f5es dos setores competentes do Tribunal \u2013 dando origem a um processo, este seguir\u00e1 a indica\u00e7\u00e3o de publicidade do processo, nos termos das legisla\u00e7\u00f5es <i>(leis, resolu\u00e7\u00f5es, etc)<\/i> vigentes.<\/p>\n\n<p style=\"text-align: justify;\">Ao clicar nas ferramentas de compartilhamento das redes sociais dispon\u00edveis em nossas p\u00e1ginas, voc\u00ea estar\u00e1 publicando o conte\u00fado por meio do seu perfil na rede selecionada <i>(FaceBook e\/ou Instagram).<\/i> \u00c9 <b>IMPORTANTE<\/b> destacar que Ouvidoria do Tribunal de Contas do Estado do Amazonas n\u00e3o tem acesso ao <i>login<\/i> e senha dos usu\u00e1rios nessas redes, nem publicar\u00e1 conte\u00fado em nome do usu\u00e1rio sem que o mesmo realize esta a\u00e7\u00e3o, restando evidenciado a responsabilidade do usu\u00e1rio quanto \u00e0s responsabilidades sobre as divulga\u00e7\u00f5es.<\/p>\n\n<p style=\"text-align: justify;\">Utilizamos o <i>software Google Analytics<\/i> para an\u00e1lise das informa\u00e7\u00f5es de visitas. Quando a voc\u00ea visita o nosso site, este <i>software<\/i> insere um <i>\u201ccookie\u201d<\/i> no seu navegador, para reconhecer:<\/p>\n<ol>\n<li> Quantas vezes ocorre o acesso ao nosso endere\u00e7o;<\/li>\n<li> Quais p\u00e1ginas foram acessadas, qual o dispositivo e navegador utilizado no site; e tamb\u00e9m,<\/li>\n<li> S\u00e3o coletadas as informa\u00e7\u00f5es de localiza\u00e7\u00e3o, para identificarmos a abrang\u00eancia dos nossos servi\u00e7os, bem como data e hor\u00e1rio de visita.<\/li>\n<\/ol>\n<p style=\"text-align: justify;\">Leia tamb\u00e9m a <a href=\"https:\/\/policies.google.com\/privacy?hl=pt-BR\"><i>pol\u00edtica de privacidade do Google<\/i><\/a>.\n<p style=\"text-align: justify;\">Os dados coletados por meio do <i>software Google Analytics<\/i> s\u00e3o utilizados para fins estat\u00edsticos, a fim de direcionar as melhorias em nossos servi\u00e7os. Os dados s\u00e3o apresentados de modo agrupado, n\u00e3o sendo poss\u00edvel identificar os dados pessoais.<\/p>\n\n<p style=\"text-align: justify;\">Esta pol\u00edtica de privacidade pode passar por atualiza\u00e7\u00f5es, visto que estamos sempre trabalhando para que o cidad\u00e3o tenha uma melhor experi\u00eancia quanto aos servi\u00e7os prestados pela Ouvidoria do Tribunal de Contas do Estado do Amazonas, e por isso, recomendamos uma visita peri\u00f3dica \u00e0 p\u00e1gina para verifica\u00e7\u00e3o de eventuais mudan\u00e7as.\t\t\t\t\t\t\t\t<\/div>\n\t\t\t\t<\/div>\n\t\t\t\t\t<\/div>\n\t\t<\/div>\n\t\t\t\t\t<\/div>\n\t\t<\/section>\n\t\t\t\t<\/div>\n\t\t","protected":false},"excerpt":{"rendered":"<p>A Ouvidoria do Tribunal de Contas do Estado do Amazonas, comprometida com a transpar\u00eancia, com a \u00e9tica e com todas as premissas discorridas na Lei Geral de Prote\u00e7\u00e3o de Dados \u2013 LGPD, tamb\u00e9m se obriga a resguardar e proteger os dados dos cidad\u00e3os que a procuram, objetivando qualquer contrapartida jurisdicional. A Ouvidoria reconhece a import\u00e2ncia [&hellip;]<\/p>\n","protected":false},"author":5,"featured_media":0,"parent":0,"menu_order":0,"comment_status":"closed","ping_status":"closed","template":"","meta":{"_monsterinsights_skip_tracking":false,"_monsterinsights_sitenote_active":false,"_monsterinsights_sitenote_note":"","_monsterinsights_sitenote_category":0,"site-sidebar-layout":"no-sidebar","site-content-layout":"page-builder","ast-site-content-layout":"","site-content-style":"default","site-sidebar-style":"default","ast-global-header-display":"","ast-banner-title-visibility":"","ast-main-header-display":"","ast-hfb-above-header-display":"","ast-hfb-below-header-display":"","ast-hfb-mobile-header-display":"","site-post-title":"disabled","ast-breadcrumbs-content":"","ast-featured-img":"disabled","footer-sml-layout":"disabled","theme-transparent-header-meta":"default","adv-header-id-meta":"","stick-header-meta":"","header-above-stick-meta":"","header-main-stick-meta":"","header-below-stick-meta":"","astra-migrate-meta-layouts":"default","ast-page-background-enabled":"default","ast-page-background-meta":{"desktop":{"background-color":"","background-image":"","background-repeat":"repeat","background-position":"center center","background-size":"auto","background-attachment":"scroll","background-type":"","background-media":"","overlay-type":"","overlay-color":"","overlay-opacity":"","overlay-gradient":""},"tablet":{"background-color":"","background-image":"","background-repeat":"repeat","background-position":"center center","background-size":"auto","background-attachment":"scroll","background-type":"","background-media":"","overlay-type":"","overlay-color":"","overlay-opacity":"","overlay-gradient":""},"mobile":{"background-color":"","background-image":"","background-repeat":"repeat","background-position":"center center","background-size":"auto","background-attachment":"scroll","background-type":"","background-media":"","overlay-type":"","overlay-color":"","overlay-opacity":"","overlay-gradient":""}},"ast-content-background-meta":{"desktop":{"background-color":"var(--ast-global-color-5)","background-image":"","background-repeat":"repeat","background-position":"center center","background-size":"auto","background-attachment":"scroll","background-type":"","background-media":"","overlay-type":"","overlay-color":"","overlay-opacity":"","overlay-gradient":""},"tablet":{"background-color":"var(--ast-global-color-5)","background-image":"","background-repeat":"repeat","background-position":"center center","background-size":"auto","background-attachment":"scroll","background-type":"","background-media":"","overlay-type":"","overlay-color":"","overlay-opacity":"","overlay-gradient":""},"mobile":{"background-color":"var(--ast-global-color-5)","background-image":"","background-repeat":"repeat","background-position":"center center","background-size":"auto","background-attachment":"scroll","background-type":"","background-media":"","overlay-type":"","overlay-color":"","overlay-opacity":"","overlay-gradient":""}},"footnotes":""},"class_list":["post-2074","page","type-page","status-publish","hentry"],"_links":{"self":[{"href":"https:\/\/ouvidoria.tce.am.gov.br\/index.php?rest_route=\/wp\/v2\/pages\/2074","targetHints":{"allow":["GET"]}}],"collection":[{"href":"https:\/\/ouvidoria.tce.am.gov.br\/index.php?rest_route=\/wp\/v2\/pages"}],"about":[{"href":"https:\/\/ouvidoria.tce.am.gov.br\/index.php?rest_route=\/wp\/v2\/types\/page"}],"author":[{"embeddable":true,"href":"https:\/\/ouvidoria.tce.am.gov.br\/index.php?rest_route=\/wp\/v2\/users\/5"}],"replies":[{"embeddable":true,"href":"https:\/\/ouvidoria.tce.am.gov.br\/index.php?rest_route=%2Fwp%2Fv2%2Fcomments&post=2074"}],"version-history":[{"count":3,"href":"https:\/\/ouvidoria.tce.am.gov.br\/index.php?rest_route=\/wp\/v2\/pages\/2074\/revisions"}],"predecessor-version":[{"id":2078,"href":"https:\/\/ouvidoria.tce.am.gov.br\/index.php?rest_route=\/wp\/v2\/pages\/2074\/revisions\/2078"}],"wp:attachment":[{"href":"https:\/\/ouvidoria.tce.am.gov.br\/index.php?rest_route=%2Fwp%2Fv2%2Fmedia&parent=2074"}],"curies":[{"name":"wp","href":"https:\/\/api.w.org\/{rel}","templated":true}]}}