{"id":806,"date":"2017-10-17T15:19:44","date_gmt":"2017-10-17T15:19:44","guid":{"rendered":"https:\/\/ouvidoria.tce.am.gov.br\/?page_id=806"},"modified":"2017-10-17T15:19:44","modified_gmt":"2017-10-17T15:19:44","slug":"apresentacao","status":"publish","type":"page","link":"https:\/\/ouvidoria.tce.am.gov.br\/?page_id=806","title":{"rendered":"Apresenta\u00e7\u00e3o"},"content":{"rendered":"<p>Diante da atual conjuntura e da crise moral pela qual passa o Brasil, a Ouvidoria Geral do Tribunal de Contas do Estado do Amazonas (TCE-AM) prop\u00f5e a uni\u00e3o de for\u00e7as das ouvidorias de todas as Cortes de Contas do pa\u00eds, das autoridades dos poderes Judici\u00e1rio, Legislativo e Executivo e demais institui\u00e7\u00f5es aqui representadas para a discuss\u00e3o, no I Simp\u00f3sio Nacional sobre o Papel da Ouvidoria no Cen\u00e1rio Atual de Crise Pol\u00edtica, Institucional e \u00c9tica, objetivando o esfor\u00e7o m\u00fatuo na busca de novos caminhos, alternativas e novos mecanismos de intera\u00e7\u00e3o, acesso e perspectivas para a sociedade brasileira.<\/p>\n<p>Coordenado pela Ouvidoria Geral do TCE-AM, o Simp\u00f3sio acontecer\u00e1 durante os dias 16 e 17 de novembro (quinta e sexta-feira) e contar\u00e1 com palestras de representantes dos Tribunais de Contas de estados e munic\u00edpios do pa\u00eds.<\/p>\n","protected":false},"excerpt":{"rendered":"<p>Diante da atual conjuntura e da crise moral pela qual passa o Brasil, a Ouvidoria Geral do Tribunal de Contas do Estado do Amazonas (TCE-AM) prop\u00f5e a uni\u00e3o de for\u00e7as das ouvidorias de todas as Cortes de Contas do pa\u00eds, das autoridades dos poderes Judici\u00e1rio, Legislativo e Executivo e demais institui\u00e7\u00f5es aqui representadas para a [&hellip;]<\/p>\n","protected":false},"author":2,"featured_media":0,"parent":0,"menu_order":0,"comment_status":"closed","ping_status":"closed","template":"","meta":{"_monsterinsights_skip_tracking":false,"_monsterinsights_sitenote_active":false,"_monsterinsights_sitenote_note":"","_monsterinsights_sitenote_category":0,"site-sidebar-layout":"default","site-content-layout":"","ast-site-content-layout":"","site-content-style":"default","site-sidebar-style":"default","ast-global-header-display":"","ast-banner-title-visibility":"","ast-main-header-display":"","ast-hfb-above-header-display":"","ast-hfb-below-header-display":"","ast-hfb-mobile-header-display":"","site-post-title":"","ast-breadcrumbs-content":"","ast-featured-img":"","footer-sml-layout":"","theme-transparent-header-meta":"","adv-header-id-meta":"","stick-header-meta":"","header-above-stick-meta":"","header-main-stick-meta":"","header-below-stick-meta":"","astra-migrate-meta-layouts":"default","ast-page-background-enabled":"default","ast-page-background-meta":{"desktop":{"background-color":"","background-image":"","background-repeat":"repeat","background-position":"center center","background-size":"auto","background-attachment":"scroll","background-type":"","background-media":"","overlay-type":"","overlay-color":"","overlay-opacity":"","overlay-gradient":""},"tablet":{"background-color":"","background-image":"","background-repeat":"repeat","background-position":"center center","background-size":"auto","background-attachment":"scroll","background-type":"","background-media":"","overlay-type":"","overlay-color":"","overlay-opacity":"","overlay-gradient":""},"mobile":{"background-color":"","background-image":"","background-repeat":"repeat","background-position":"center center","background-size":"auto","background-attachment":"scroll","background-type":"","background-media":"","overlay-type":"","overlay-color":"","overlay-opacity":"","overlay-gradient":""}},"ast-content-background-meta":{"desktop":{"background-color":"var(--ast-global-color-5)","background-image":"","background-repeat":"repeat","background-position":"center center","background-size":"auto","background-attachment":"scroll","background-type":"","background-media":"","overlay-type":"","overlay-color":"","overlay-opacity":"","overlay-gradient":""},"tablet":{"background-color":"var(--ast-global-color-5)","background-image":"","background-repeat":"repeat","background-position":"center center","background-size":"auto","background-attachment":"scroll","background-type":"","background-media":"","overlay-type":"","overlay-color":"","overlay-opacity":"","overlay-gradient":""},"mobile":{"background-color":"var(--ast-global-color-5)","background-image":"","background-repeat":"repeat","background-position":"center center","background-size":"auto","background-attachment":"scroll","background-type":"","background-media":"","overlay-type":"","overlay-color":"","overlay-opacity":"","overlay-gradient":""}},"footnotes":""},"class_list":["post-806","page","type-page","status-publish","hentry"],"_links":{"self":[{"href":"https:\/\/ouvidoria.tce.am.gov.br\/index.php?rest_route=\/wp\/v2\/pages\/806","targetHints":{"allow":["GET"]}}],"collection":[{"href":"https:\/\/ouvidoria.tce.am.gov.br\/index.php?rest_route=\/wp\/v2\/pages"}],"about":[{"href":"https:\/\/ouvidoria.tce.am.gov.br\/index.php?rest_route=\/wp\/v2\/types\/page"}],"author":[{"embeddable":true,"href":"https:\/\/ouvidoria.tce.am.gov.br\/index.php?rest_route=\/wp\/v2\/users\/2"}],"replies":[{"embeddable":true,"href":"https:\/\/ouvidoria.tce.am.gov.br\/index.php?rest_route=%2Fwp%2Fv2%2Fcomments&post=806"}],"version-history":[{"count":1,"href":"https:\/\/ouvidoria.tce.am.gov.br\/index.php?rest_route=\/wp\/v2\/pages\/806\/revisions"}],"predecessor-version":[{"id":807,"href":"https:\/\/ouvidoria.tce.am.gov.br\/index.php?rest_route=\/wp\/v2\/pages\/806\/revisions\/807"}],"wp:attachment":[{"href":"https:\/\/ouvidoria.tce.am.gov.br\/index.php?rest_route=%2Fwp%2Fv2%2Fmedia&parent=806"}],"curies":[{"name":"wp","href":"https:\/\/api.w.org\/{rel}","templated":true}]}}